{"id":6827,"date":"2025-07-01T10:14:33","date_gmt":"2025-07-01T09:14:33","guid":{"rendered":"http:\/\/infokotg.beget.tech\/sell\/"},"modified":"2026-02-10T18:45:12","modified_gmt":"2026-02-10T17:45:12","slug":"sell","status":"publish","type":"page","link":"https:\/\/tenerifecasa.com\/de\/sell\/","title":{"rendered":"Verkaufen"},"content":{"rendered":"\n<p>Planen Sie, Ihre Immobilie auf Teneriffa zu verkaufen?<br>Wir bieten Ihnen einen umfassenden Service \u2013 von der ersten professionellen Bewertung bis zum erfolgreichen Abschluss des Verkaufs. Unser Immobilienb\u00fcro arbeitet ergebnisorientiert, effizient, transparent und mit gr\u00f6\u00dftm\u00f6glicher Sorgfalt f\u00fcr Ihren Komfort und Ihre Zufriedenheit.<\/p>\n\n\n\n<figure class=\"wp-block-image size-large\"><img fetchpriority=\"high\" decoding=\"async\" width=\"1024\" height=\"683\" src=\"\/wp-content\/uploads\/2025\/07\/sell-1-1024x683.jpg\" alt=\"\" class=\"wp-image-5902\" srcset=\"https:\/\/tenerifecasa.com\/wp-content\/uploads\/2025\/07\/sell-1-1024x683.jpg 1024w, https:\/\/tenerifecasa.com\/wp-content\/uploads\/2025\/07\/sell-1-300x200.jpg 300w, https:\/\/tenerifecasa.com\/wp-content\/uploads\/2025\/07\/sell-1-768x512.jpg 768w, https:\/\/tenerifecasa.com\/wp-content\/uploads\/2025\/07\/sell-1-150x100.jpg 150w, https:\/\/tenerifecasa.com\/wp-content\/uploads\/2025\/07\/sell-1-488x326.jpg 488w, https:\/\/tenerifecasa.com\/wp-content\/uploads\/2025\/07\/sell-1.jpg 1536w\" sizes=\"(max-width: 1024px) 100vw, 1024px\" \/><\/figure>\n\n\n\n<p><br>Was wir f\u00fcr einen erfolgreichen und schnellen Verkauf anbieten:<\/p>\n\n\n\n<ul class=\"wp-block-list\">\n<li>Professionelle Marktwertermittlung Ihrer Immobilie<\/li>\n\n\n\n<li>Professionelle Fotografie und Pr\u00e4sentation \u00fcber die effektivsten Kan\u00e4le<\/li>\n\n\n\n<li>Vermarktung \u00fcber lokale und internationale Plattformen<\/li>\n\n\n\n<li>Begleitung w\u00e4hrend aller Phasen der Transaktion (rechtliche Pr\u00fcfung, Steuern, Dokumente, Notar)<\/li>\n\n\n\n<li>Unterst\u00fctzung bei der Verkaufsvorbereitung (NIE, amtliche Ausz\u00fcge, Energiezertifikat)<\/li>\n\n\n\n<li>Pers\u00f6nlicher Ansprechpartner und transparente Kommunikation<\/li>\n<\/ul>\n\n\n\n<p>Wichtige Instrumente f\u00fcr einen erfolgreichen Verkauf:<\/p>\n\n\n\n<ul class=\"wp-block-list\">\n<li>Tiefgehende Kenntnisse des lokalen Immobilienmarktes<\/li>\n\n\n\n<li>Russischsprachige Makler und rechtliche Unterst\u00fctzung<\/li>\n\n\n\n<li>Offizielle T\u00e4tigkeit unter Einhaltung aller gesetzlichen Vorgaben<\/li>\n\n\n\n<li>Eine vertrauensw\u00fcrdige Reputation<\/li>\n<\/ul>\n\n\n\n<p>M\u00f6chten Sie verkaufen? Kontaktieren Sie uns.<br>Wir erkl\u00e4ren Ihnen, wie Sie starten und den maximalen Wert aus Ihrer Immobilie erzielen.<\/p>\n\n\n\n<p><strong>Isla Bonita \u2013 empfohlen von Freunden.<\/strong><\/p>\n","protected":false},"excerpt":{"rendered":"<p>Planen Sie, Ihre Immobilie auf Teneriffa zu verkaufen?Wir bieten Ihnen einen umfassenden Service \u2013 von der ersten professionellen Bewertung bis zum erfolgreichen Abschluss des Verkaufs. Unser Immobilienb\u00fcro arbeitet ergebnisorientiert, effizient, transparent und mit gr\u00f6\u00dftm\u00f6glicher Sorgfalt f\u00fcr Ihren Komfort und Ihre Zufriedenheit. Was wir f\u00fcr einen erfolgreichen und schnellen Verkauf anbieten: Wichtige Instrumente f\u00fcr einen erfolgreichen&#8230;<\/p>\n","protected":false},"author":1,"featured_media":0,"parent":0,"menu_order":0,"comment_status":"closed","ping_status":"closed","template":"","meta":{"footnotes":""},"class_list":["post-6827","page","type-page","status-publish","hentry"],"yoast_head":"<!-- This site is optimized with the Yoast SEO plugin v25.9 - https:\/\/yoast.com\/wordpress\/plugins\/seo\/ -->\n<title>Verkaufen - Tenerifecasa.com<\/title>\n<meta name=\"robots\" content=\"noindex, follow, max-snippet:-1, max-image-preview:large, max-video-preview:-1\" \/>\n<meta property=\"og:locale\" content=\"de_DE\" \/>\n<meta property=\"og:type\" content=\"article\" \/>\n<meta property=\"og:title\" content=\"Verkaufen - Tenerifecasa.com\" \/>\n<meta property=\"og:description\" content=\"Planen Sie, Ihre Immobilie auf Teneriffa zu verkaufen?Wir bieten Ihnen einen umfassenden Service \u2013 von der ersten professionellen Bewertung bis zum erfolgreichen Abschluss des Verkaufs. Unser Immobilienb\u00fcro arbeitet ergebnisorientiert, effizient, transparent und mit gr\u00f6\u00dftm\u00f6glicher Sorgfalt f\u00fcr Ihren Komfort und Ihre Zufriedenheit. Was wir f\u00fcr einen erfolgreichen und schnellen Verkauf anbieten: Wichtige Instrumente f\u00fcr einen erfolgreichen...\" \/>\n<meta property=\"og:url\" content=\"https:\/\/tenerifecasa.com\/de\/sell\/\" \/>\n<meta property=\"og:site_name\" content=\"Tenerifecasa.com\" \/>\n<meta property=\"article:modified_time\" content=\"2026-02-10T17:45:12+00:00\" \/>\n<meta name=\"twitter:card\" content=\"summary_large_image\" \/>\n<meta name=\"twitter:label1\" content=\"Gesch\u00e4tzte Lesezeit\" \/>\n\t<meta name=\"twitter:data1\" content=\"1\u00a0Minute\" \/>\n<script type=\"application\/ld+json\" class=\"yoast-schema-graph\">{\"@context\":\"https:\/\/schema.org\",\"@graph\":[{\"@type\":\"WebPage\",\"@id\":\"https:\/\/tenerifecasa.com\/de\/sell\/\",\"url\":\"https:\/\/tenerifecasa.com\/de\/sell\/\",\"name\":\"Verkaufen - Tenerifecasa.com\",\"isPartOf\":{\"@id\":\"https:\/\/tenerifecasa.com\/#website\"},\"datePublished\":\"2025-07-01T09:14:33+00:00\",\"dateModified\":\"2026-02-10T17:45:12+00:00\",\"breadcrumb\":{\"@id\":\"https:\/\/tenerifecasa.com\/de\/sell\/#breadcrumb\"},\"inLanguage\":\"de\",\"potentialAction\":[{\"@type\":\"ReadAction\",\"target\":[\"https:\/\/tenerifecasa.com\/de\/sell\/\"]}]},{\"@type\":\"BreadcrumbList\",\"@id\":\"https:\/\/tenerifecasa.com\/de\/sell\/#breadcrumb\",\"itemListElement\":[{\"@type\":\"ListItem\",\"position\":1,\"name\":\"\u0413\u043b\u0430\u0432\u043d\u0430\u044f \u0441\u0442\u0440\u0430\u043d\u0438\u0446\u0430\",\"item\":\"https:\/\/tenerifecasa.com\/de\/\"},{\"@type\":\"ListItem\",\"position\":2,\"name\":\"Verkaufen\"}]},{\"@type\":\"WebSite\",\"@id\":\"https:\/\/tenerifecasa.com\/#website\",\"url\":\"https:\/\/tenerifecasa.com\/\",\"name\":\"Tenerifecasa.com\",\"description\":\"Isla Bonita Consulting\",\"potentialAction\":[{\"@type\":\"SearchAction\",\"target\":{\"@type\":\"EntryPoint\",\"urlTemplate\":\"https:\/\/tenerifecasa.com\/?s={search_term_string}\"},\"query-input\":{\"@type\":\"PropertyValueSpecification\",\"valueRequired\":true,\"valueName\":\"search_term_string\"}}],\"inLanguage\":\"de\"}]}<\/script>\n<!-- \/ Yoast SEO plugin. -->","yoast_head_json":{"title":"Verkaufen - Tenerifecasa.com","robots":{"index":"noindex","follow":"follow","max-snippet":"max-snippet:-1","max-image-preview":"max-image-preview:large","max-video-preview":"max-video-preview:-1"},"og_locale":"de_DE","og_type":"article","og_title":"Verkaufen - Tenerifecasa.com","og_description":"Planen Sie, Ihre Immobilie auf Teneriffa zu verkaufen?Wir bieten Ihnen einen umfassenden Service \u2013 von der ersten professionellen Bewertung bis zum erfolgreichen Abschluss des Verkaufs. Unser Immobilienb\u00fcro arbeitet ergebnisorientiert, effizient, transparent und mit gr\u00f6\u00dftm\u00f6glicher Sorgfalt f\u00fcr Ihren Komfort und Ihre Zufriedenheit. Was wir f\u00fcr einen erfolgreichen und schnellen Verkauf anbieten: Wichtige Instrumente f\u00fcr einen erfolgreichen...","og_url":"https:\/\/tenerifecasa.com\/de\/sell\/","og_site_name":"Tenerifecasa.com","article_modified_time":"2026-02-10T17:45:12+00:00","twitter_card":"summary_large_image","twitter_misc":{"Gesch\u00e4tzte Lesezeit":"1\u00a0Minute"},"schema":{"@context":"https:\/\/schema.org","@graph":[{"@type":"WebPage","@id":"https:\/\/tenerifecasa.com\/de\/sell\/","url":"https:\/\/tenerifecasa.com\/de\/sell\/","name":"Verkaufen - Tenerifecasa.com","isPartOf":{"@id":"https:\/\/tenerifecasa.com\/#website"},"datePublished":"2025-07-01T09:14:33+00:00","dateModified":"2026-02-10T17:45:12+00:00","breadcrumb":{"@id":"https:\/\/tenerifecasa.com\/de\/sell\/#breadcrumb"},"inLanguage":"de","potentialAction":[{"@type":"ReadAction","target":["https:\/\/tenerifecasa.com\/de\/sell\/"]}]},{"@type":"BreadcrumbList","@id":"https:\/\/tenerifecasa.com\/de\/sell\/#breadcrumb","itemListElement":[{"@type":"ListItem","position":1,"name":"\u0413\u043b\u0430\u0432\u043d\u0430\u044f \u0441\u0442\u0440\u0430\u043d\u0438\u0446\u0430","item":"https:\/\/tenerifecasa.com\/de\/"},{"@type":"ListItem","position":2,"name":"Verkaufen"}]},{"@type":"WebSite","@id":"https:\/\/tenerifecasa.com\/#website","url":"https:\/\/tenerifecasa.com\/","name":"Tenerifecasa.com","description":"Isla Bonita Consulting","potentialAction":[{"@type":"SearchAction","target":{"@type":"EntryPoint","urlTemplate":"https:\/\/tenerifecasa.com\/?s={search_term_string}"},"query-input":{"@type":"PropertyValueSpecification","valueRequired":true,"valueName":"search_term_string"}}],"inLanguage":"de"}]}},"_links":{"self":[{"href":"https:\/\/tenerifecasa.com\/de\/wp-json\/wp\/v2\/pages\/6827","targetHints":{"allow":["GET"]}}],"collection":[{"href":"https:\/\/tenerifecasa.com\/de\/wp-json\/wp\/v2\/pages"}],"about":[{"href":"https:\/\/tenerifecasa.com\/de\/wp-json\/wp\/v2\/types\/page"}],"author":[{"embeddable":true,"href":"https:\/\/tenerifecasa.com\/de\/wp-json\/wp\/v2\/users\/1"}],"replies":[{"embeddable":true,"href":"https:\/\/tenerifecasa.com\/de\/wp-json\/wp\/v2\/comments?post=6827"}],"version-history":[{"count":3,"href":"https:\/\/tenerifecasa.com\/de\/wp-json\/wp\/v2\/pages\/6827\/revisions"}],"predecessor-version":[{"id":11208,"href":"https:\/\/tenerifecasa.com\/de\/wp-json\/wp\/v2\/pages\/6827\/revisions\/11208"}],"wp:attachment":[{"href":"https:\/\/tenerifecasa.com\/de\/wp-json\/wp\/v2\/media?parent=6827"}],"curies":[{"name":"wp","href":"https:\/\/api.w.org\/{rel}","templated":true}]}}