{"id":6830,"date":"2025-07-01T10:20:29","date_gmt":"2025-07-01T09:20:29","guid":{"rendered":"http:\/\/infokotg.beget.tech\/services\/"},"modified":"2026-02-10T18:53:42","modified_gmt":"2026-02-10T17:53:42","slug":"services","status":"publish","type":"page","link":"https:\/\/tenerifecasa.com\/de\/services\/","title":{"rendered":"Leistungen"},"content":{"rendered":"\n<p>\u201eIsla Bonita Consulting\u201c SL bietet umfassende Dienstleistungen f\u00fcr den Kauf, Verkauf und die Vermietung von Immobilien im S\u00fcden Teneriffas an.<\/p>\n\n\n\n<div class=\"wp-block-group alignwide is-nowrap is-layout-flex wp-container-core-group-is-layout-ad2f72ca wp-block-group-is-layout-flex\">\n<figure data-wp-context=\"{&quot;imageId&quot;:&quot;69e172865c61a&quot;}\" data-wp-interactive=\"core\/image\" data-wp-key=\"69e172865c61a\" class=\"wp-block-image size-large wp-lightbox-container\"><img fetchpriority=\"high\" decoding=\"async\" width=\"683\" height=\"1024\" data-wp-class--hide=\"state.isContentHidden\" data-wp-class--show=\"state.isContentVisible\" data-wp-init=\"callbacks.setButtonStyles\" data-wp-on--click=\"actions.showLightbox\" data-wp-on--load=\"callbacks.setButtonStyles\" data-wp-on-window--resize=\"callbacks.setButtonStyles\" src=\"\/wp-content\/uploads\/2025\/07\/services1-683x1024.jpg\" alt=\"\" class=\"wp-image-5908\" srcset=\"https:\/\/tenerifecasa.com\/wp-content\/uploads\/2025\/07\/services1-683x1024.jpg 683w, https:\/\/tenerifecasa.com\/wp-content\/uploads\/2025\/07\/services1-200x300.jpg 200w, https:\/\/tenerifecasa.com\/wp-content\/uploads\/2025\/07\/services1-768x1152.jpg 768w, https:\/\/tenerifecasa.com\/wp-content\/uploads\/2025\/07\/services1-100x150.jpg 100w, https:\/\/tenerifecasa.com\/wp-content\/uploads\/2025\/07\/services1.jpg 1024w\" sizes=\"(max-width: 683px) 100vw, 683px\" \/><button\n\t\t\tclass=\"lightbox-trigger\"\n\t\t\ttype=\"button\"\n\t\t\taria-haspopup=\"dialog\"\n\t\t\taria-label=\"Vergr\u00f6\u00dfern\"\n\t\t\tdata-wp-init=\"callbacks.initTriggerButton\"\n\t\t\tdata-wp-on--click=\"actions.showLightbox\"\n\t\t\tdata-wp-style--right=\"state.imageButtonRight\"\n\t\t\tdata-wp-style--top=\"state.imageButtonTop\"\n\t\t>\n\t\t\t<svg xmlns=\"http:\/\/www.w3.org\/2000\/svg\" width=\"12\" height=\"12\" fill=\"none\" viewBox=\"0 0 12 12\">\n\t\t\t\t<path fill=\"#fff\" d=\"M2 0a2 2 0 0 0-2 2v2h1.5V2a.5.5 0 0 1 .5-.5h2V0H2Zm2 10.5H2a.5.5 0 0 1-.5-.5V8H0v2a2 2 0 0 0 2 2h2v-1.5ZM8 12v-1.5h2a.5.5 0 0 0 .5-.5V8H12v2a2 2 0 0 1-2 2H8Zm2-12a2 2 0 0 1 2 2v2h-1.5V2a.5.5 0 0 0-.5-.5H8V0h2Z\" \/>\n\t\t\t<\/svg>\n\t\t<\/button><\/figure>\n\n\n\n<figure data-wp-context=\"{&quot;imageId&quot;:&quot;69e172865cb84&quot;}\" data-wp-interactive=\"core\/image\" data-wp-key=\"69e172865cb84\" class=\"wp-block-image size-large wp-lightbox-container\"><img decoding=\"async\" width=\"683\" height=\"1024\" data-wp-class--hide=\"state.isContentHidden\" data-wp-class--show=\"state.isContentVisible\" data-wp-init=\"callbacks.setButtonStyles\" data-wp-on--click=\"actions.showLightbox\" data-wp-on--load=\"callbacks.setButtonStyles\" data-wp-on-window--resize=\"callbacks.setButtonStyles\" src=\"\/wp-content\/uploads\/2025\/07\/services2-683x1024.jpg\" alt=\"\" class=\"wp-image-5913\" srcset=\"https:\/\/tenerifecasa.com\/wp-content\/uploads\/2025\/07\/services2-683x1024.jpg 683w, https:\/\/tenerifecasa.com\/wp-content\/uploads\/2025\/07\/services2-200x300.jpg 200w, https:\/\/tenerifecasa.com\/wp-content\/uploads\/2025\/07\/services2-768x1152.jpg 768w, https:\/\/tenerifecasa.com\/wp-content\/uploads\/2025\/07\/services2-100x150.jpg 100w, https:\/\/tenerifecasa.com\/wp-content\/uploads\/2025\/07\/services2.jpg 1024w\" sizes=\"(max-width: 683px) 100vw, 683px\" \/><button\n\t\t\tclass=\"lightbox-trigger\"\n\t\t\ttype=\"button\"\n\t\t\taria-haspopup=\"dialog\"\n\t\t\taria-label=\"Vergr\u00f6\u00dfern\"\n\t\t\tdata-wp-init=\"callbacks.initTriggerButton\"\n\t\t\tdata-wp-on--click=\"actions.showLightbox\"\n\t\t\tdata-wp-style--right=\"state.imageButtonRight\"\n\t\t\tdata-wp-style--top=\"state.imageButtonTop\"\n\t\t>\n\t\t\t<svg xmlns=\"http:\/\/www.w3.org\/2000\/svg\" width=\"12\" height=\"12\" fill=\"none\" viewBox=\"0 0 12 12\">\n\t\t\t\t<path fill=\"#fff\" d=\"M2 0a2 2 0 0 0-2 2v2h1.5V2a.5.5 0 0 1 .5-.5h2V0H2Zm2 10.5H2a.5.5 0 0 1-.5-.5V8H0v2a2 2 0 0 0 2 2h2v-1.5ZM8 12v-1.5h2a.5.5 0 0 0 .5-.5V8H12v2a2 2 0 0 1-2 2H8Zm2-12a2 2 0 0 1 2 2v2h-1.5V2a.5.5 0 0 0-.5-.5H8V0h2Z\" \/>\n\t\t\t<\/svg>\n\t\t<\/button><\/figure>\n\n\n\n<figure data-wp-context=\"{&quot;imageId&quot;:&quot;69e172865cf7c&quot;}\" data-wp-interactive=\"core\/image\" data-wp-key=\"69e172865cf7c\" class=\"wp-block-image size-large wp-lightbox-container\"><img decoding=\"async\" width=\"683\" height=\"1024\" data-wp-class--hide=\"state.isContentHidden\" data-wp-class--show=\"state.isContentVisible\" data-wp-init=\"callbacks.setButtonStyles\" data-wp-on--click=\"actions.showLightbox\" data-wp-on--load=\"callbacks.setButtonStyles\" data-wp-on-window--resize=\"callbacks.setButtonStyles\" src=\"\/wp-content\/uploads\/2025\/07\/services3-683x1024.jpg\" alt=\"\" class=\"wp-image-5917\" srcset=\"https:\/\/tenerifecasa.com\/wp-content\/uploads\/2025\/07\/services3-683x1024.jpg 683w, https:\/\/tenerifecasa.com\/wp-content\/uploads\/2025\/07\/services3-200x300.jpg 200w, https:\/\/tenerifecasa.com\/wp-content\/uploads\/2025\/07\/services3-768x1152.jpg 768w, https:\/\/tenerifecasa.com\/wp-content\/uploads\/2025\/07\/services3-100x150.jpg 100w, https:\/\/tenerifecasa.com\/wp-content\/uploads\/2025\/07\/services3.jpg 1024w\" sizes=\"(max-width: 683px) 100vw, 683px\" \/><button\n\t\t\tclass=\"lightbox-trigger\"\n\t\t\ttype=\"button\"\n\t\t\taria-haspopup=\"dialog\"\n\t\t\taria-label=\"Vergr\u00f6\u00dfern\"\n\t\t\tdata-wp-init=\"callbacks.initTriggerButton\"\n\t\t\tdata-wp-on--click=\"actions.showLightbox\"\n\t\t\tdata-wp-style--right=\"state.imageButtonRight\"\n\t\t\tdata-wp-style--top=\"state.imageButtonTop\"\n\t\t>\n\t\t\t<svg xmlns=\"http:\/\/www.w3.org\/2000\/svg\" width=\"12\" height=\"12\" fill=\"none\" viewBox=\"0 0 12 12\">\n\t\t\t\t<path fill=\"#fff\" d=\"M2 0a2 2 0 0 0-2 2v2h1.5V2a.5.5 0 0 1 .5-.5h2V0H2Zm2 10.5H2a.5.5 0 0 1-.5-.5V8H0v2a2 2 0 0 0 2 2h2v-1.5ZM8 12v-1.5h2a.5.5 0 0 0 .5-.5V8H12v2a2 2 0 0 1-2 2H8Zm2-12a2 2 0 0 1 2 2v2h-1.5V2a.5.5 0 0 0-.5-.5H8V0h2Z\" \/>\n\t\t\t<\/svg>\n\t\t<\/button><\/figure>\n\n\n\n<figure data-wp-context=\"{&quot;imageId&quot;:&quot;69e172865d3ad&quot;}\" data-wp-interactive=\"core\/image\" data-wp-key=\"69e172865d3ad\" class=\"wp-block-image size-large wp-lightbox-container\"><img loading=\"lazy\" decoding=\"async\" width=\"683\" height=\"1024\" data-wp-class--hide=\"state.isContentHidden\" data-wp-class--show=\"state.isContentVisible\" data-wp-init=\"callbacks.setButtonStyles\" data-wp-on--click=\"actions.showLightbox\" data-wp-on--load=\"callbacks.setButtonStyles\" data-wp-on-window--resize=\"callbacks.setButtonStyles\" src=\"\/wp-content\/uploads\/2025\/07\/services4-683x1024.jpg\" alt=\"\" class=\"wp-image-5921\" srcset=\"https:\/\/tenerifecasa.com\/wp-content\/uploads\/2025\/07\/services4-683x1024.jpg 683w, https:\/\/tenerifecasa.com\/wp-content\/uploads\/2025\/07\/services4-200x300.jpg 200w, https:\/\/tenerifecasa.com\/wp-content\/uploads\/2025\/07\/services4-768x1152.jpg 768w, https:\/\/tenerifecasa.com\/wp-content\/uploads\/2025\/07\/services4-100x150.jpg 100w, https:\/\/tenerifecasa.com\/wp-content\/uploads\/2025\/07\/services4.jpg 1024w\" sizes=\"(max-width: 683px) 100vw, 683px\" \/><button\n\t\t\tclass=\"lightbox-trigger\"\n\t\t\ttype=\"button\"\n\t\t\taria-haspopup=\"dialog\"\n\t\t\taria-label=\"Vergr\u00f6\u00dfern\"\n\t\t\tdata-wp-init=\"callbacks.initTriggerButton\"\n\t\t\tdata-wp-on--click=\"actions.showLightbox\"\n\t\t\tdata-wp-style--right=\"state.imageButtonRight\"\n\t\t\tdata-wp-style--top=\"state.imageButtonTop\"\n\t\t>\n\t\t\t<svg xmlns=\"http:\/\/www.w3.org\/2000\/svg\" width=\"12\" height=\"12\" fill=\"none\" viewBox=\"0 0 12 12\">\n\t\t\t\t<path fill=\"#fff\" d=\"M2 0a2 2 0 0 0-2 2v2h1.5V2a.5.5 0 0 1 .5-.5h2V0H2Zm2 10.5H2a.5.5 0 0 1-.5-.5V8H0v2a2 2 0 0 0 2 2h2v-1.5ZM8 12v-1.5h2a.5.5 0 0 0 .5-.5V8H12v2a2 2 0 0 1-2 2H8Zm2-12a2 2 0 0 1 2 2v2h-1.5V2a.5.5 0 0 0-.5-.5H8V0h2Z\" \/>\n\t\t\t<\/svg>\n\t\t<\/button><\/figure>\n<\/div>\n\n\n\n<ul class=\"wp-block-list\">\n<li>Immobilienauswahl abgestimmt auf Ihren Lebensstil, Ihr Budget und Ihre Nutzungsvorstellungen<\/li>\n\n\n\n<li>Umfassende Begleitung des gesamten Kaufprozesses: vom ersten Besichtigungstermin bis zur Schl\u00fcssel\u00fcbergabe<\/li>\n\n\n\n<li>Abwicklung von Transaktionen mit Zahlungen au\u00dferhalb Spaniens<\/li>\n\n\n\n<li>Garantierte rechtliche Sicherheit der Objekte; Unterst\u00fctzung bei der Beantragung der NIE, Er\u00f6ffnung spanischer Bankkonten und Vermittlung von Hypotheken<\/li>\n\n\n\n<li>\u00dcbersetzung und Bearbeitung von Dokumenten<\/li>\n\n\n\n<li>Abwicklung von Erbschaften in Spanien<\/li>\n\n\n\n<li>Vorbereitung und Einreichung von Antr\u00e4gen auf eine Aufenthaltsgenehmigung in Spanien (detaillierte Beratung und laufende Begleitung w\u00e4hrend des gesamten Prozesses)<\/li>\n\n\n\n<li>Gr\u00fcndung von Unternehmen in Spanien und Verkauf bereits bestehender Firmen<\/li>\n\n\n\n<li>Vermietung von Wohn-, Ferien- und Gewerbeimmobilien<\/li>\n\n\n\n<li>Investitionsprojekte mit hoher Rendite<\/li>\n\n\n\n<li>Bankimmobilien<\/li>\n\n\n\n<li>Verwaltung und Administration, einschlie\u00dflich Pr\u00fcfung und Buchhaltung f\u00fcr Immobilieninvestoren<\/li>\n\n\n\n<li>Baustellenkontrolle und Begleitung von Renovierungsarbeiten (Abschluss von Vertr\u00e4gen mit Bauunternehmen und Handwerkern)<\/li>\n<\/ul>\n\n\n\n<p><\/p>\n","protected":false},"excerpt":{"rendered":"<p>\u201eIsla Bonita Consulting\u201c SL bietet umfassende Dienstleistungen f\u00fcr den Kauf, Verkauf und die Vermietung von Immobilien im S\u00fcden Teneriffas an.<\/p>\n","protected":false},"author":1,"featured_media":0,"parent":0,"menu_order":0,"comment_status":"closed","ping_status":"closed","template":"","meta":{"footnotes":""},"class_list":["post-6830","page","type-page","status-publish","hentry"],"yoast_head":"<!-- This site is optimized with the Yoast SEO plugin v25.9 - https:\/\/yoast.com\/wordpress\/plugins\/seo\/ -->\n<title>Leistungen - Tenerifecasa.com<\/title>\n<meta name=\"robots\" content=\"noindex, follow, max-snippet:-1, max-image-preview:large, max-video-preview:-1\" \/>\n<meta property=\"og:locale\" content=\"de_DE\" \/>\n<meta property=\"og:type\" content=\"article\" \/>\n<meta property=\"og:title\" content=\"Leistungen - Tenerifecasa.com\" \/>\n<meta property=\"og:description\" content=\"\u201eIsla Bonita Consulting\u201c SL bietet umfassende Dienstleistungen f\u00fcr den Kauf, Verkauf und die Vermietung von Immobilien im S\u00fcden Teneriffas an.\" \/>\n<meta property=\"og:url\" content=\"https:\/\/tenerifecasa.com\/de\/services\/\" \/>\n<meta property=\"og:site_name\" content=\"Tenerifecasa.com\" \/>\n<meta property=\"article:modified_time\" content=\"2026-02-10T17:53:42+00:00\" \/>\n<meta name=\"twitter:card\" content=\"summary_large_image\" \/>\n<meta name=\"twitter:label1\" content=\"Gesch\u00e4tzte Lesezeit\" \/>\n\t<meta name=\"twitter:data1\" content=\"2\u00a0Minuten\" \/>\n<script type=\"application\/ld+json\" class=\"yoast-schema-graph\">{\"@context\":\"https:\/\/schema.org\",\"@graph\":[{\"@type\":\"WebPage\",\"@id\":\"https:\/\/tenerifecasa.com\/de\/services\/\",\"url\":\"https:\/\/tenerifecasa.com\/de\/services\/\",\"name\":\"Leistungen - Tenerifecasa.com\",\"isPartOf\":{\"@id\":\"https:\/\/tenerifecasa.com\/#website\"},\"datePublished\":\"2025-07-01T09:20:29+00:00\",\"dateModified\":\"2026-02-10T17:53:42+00:00\",\"breadcrumb\":{\"@id\":\"https:\/\/tenerifecasa.com\/de\/services\/#breadcrumb\"},\"inLanguage\":\"de\",\"potentialAction\":[{\"@type\":\"ReadAction\",\"target\":[\"https:\/\/tenerifecasa.com\/de\/services\/\"]}]},{\"@type\":\"BreadcrumbList\",\"@id\":\"https:\/\/tenerifecasa.com\/de\/services\/#breadcrumb\",\"itemListElement\":[{\"@type\":\"ListItem\",\"position\":1,\"name\":\"\u0413\u043b\u0430\u0432\u043d\u0430\u044f \u0441\u0442\u0440\u0430\u043d\u0438\u0446\u0430\",\"item\":\"https:\/\/tenerifecasa.com\/de\/\"},{\"@type\":\"ListItem\",\"position\":2,\"name\":\"Leistungen\"}]},{\"@type\":\"WebSite\",\"@id\":\"https:\/\/tenerifecasa.com\/#website\",\"url\":\"https:\/\/tenerifecasa.com\/\",\"name\":\"Tenerifecasa.com\",\"description\":\"Isla Bonita Consulting\",\"potentialAction\":[{\"@type\":\"SearchAction\",\"target\":{\"@type\":\"EntryPoint\",\"urlTemplate\":\"https:\/\/tenerifecasa.com\/?s={search_term_string}\"},\"query-input\":{\"@type\":\"PropertyValueSpecification\",\"valueRequired\":true,\"valueName\":\"search_term_string\"}}],\"inLanguage\":\"de\"}]}<\/script>\n<!-- \/ Yoast SEO plugin. -->","yoast_head_json":{"title":"Leistungen - Tenerifecasa.com","robots":{"index":"noindex","follow":"follow","max-snippet":"max-snippet:-1","max-image-preview":"max-image-preview:large","max-video-preview":"max-video-preview:-1"},"og_locale":"de_DE","og_type":"article","og_title":"Leistungen - Tenerifecasa.com","og_description":"\u201eIsla Bonita Consulting\u201c SL bietet umfassende Dienstleistungen f\u00fcr den Kauf, Verkauf und die Vermietung von Immobilien im S\u00fcden Teneriffas an.","og_url":"https:\/\/tenerifecasa.com\/de\/services\/","og_site_name":"Tenerifecasa.com","article_modified_time":"2026-02-10T17:53:42+00:00","twitter_card":"summary_large_image","twitter_misc":{"Gesch\u00e4tzte Lesezeit":"2\u00a0Minuten"},"schema":{"@context":"https:\/\/schema.org","@graph":[{"@type":"WebPage","@id":"https:\/\/tenerifecasa.com\/de\/services\/","url":"https:\/\/tenerifecasa.com\/de\/services\/","name":"Leistungen - Tenerifecasa.com","isPartOf":{"@id":"https:\/\/tenerifecasa.com\/#website"},"datePublished":"2025-07-01T09:20:29+00:00","dateModified":"2026-02-10T17:53:42+00:00","breadcrumb":{"@id":"https:\/\/tenerifecasa.com\/de\/services\/#breadcrumb"},"inLanguage":"de","potentialAction":[{"@type":"ReadAction","target":["https:\/\/tenerifecasa.com\/de\/services\/"]}]},{"@type":"BreadcrumbList","@id":"https:\/\/tenerifecasa.com\/de\/services\/#breadcrumb","itemListElement":[{"@type":"ListItem","position":1,"name":"\u0413\u043b\u0430\u0432\u043d\u0430\u044f \u0441\u0442\u0440\u0430\u043d\u0438\u0446\u0430","item":"https:\/\/tenerifecasa.com\/de\/"},{"@type":"ListItem","position":2,"name":"Leistungen"}]},{"@type":"WebSite","@id":"https:\/\/tenerifecasa.com\/#website","url":"https:\/\/tenerifecasa.com\/","name":"Tenerifecasa.com","description":"Isla Bonita Consulting","potentialAction":[{"@type":"SearchAction","target":{"@type":"EntryPoint","urlTemplate":"https:\/\/tenerifecasa.com\/?s={search_term_string}"},"query-input":{"@type":"PropertyValueSpecification","valueRequired":true,"valueName":"search_term_string"}}],"inLanguage":"de"}]}},"_links":{"self":[{"href":"https:\/\/tenerifecasa.com\/de\/wp-json\/wp\/v2\/pages\/6830","targetHints":{"allow":["GET"]}}],"collection":[{"href":"https:\/\/tenerifecasa.com\/de\/wp-json\/wp\/v2\/pages"}],"about":[{"href":"https:\/\/tenerifecasa.com\/de\/wp-json\/wp\/v2\/types\/page"}],"author":[{"embeddable":true,"href":"https:\/\/tenerifecasa.com\/de\/wp-json\/wp\/v2\/users\/1"}],"replies":[{"embeddable":true,"href":"https:\/\/tenerifecasa.com\/de\/wp-json\/wp\/v2\/comments?post=6830"}],"version-history":[{"count":3,"href":"https:\/\/tenerifecasa.com\/de\/wp-json\/wp\/v2\/pages\/6830\/revisions"}],"predecessor-version":[{"id":11216,"href":"https:\/\/tenerifecasa.com\/de\/wp-json\/wp\/v2\/pages\/6830\/revisions\/11216"}],"wp:attachment":[{"href":"https:\/\/tenerifecasa.com\/de\/wp-json\/wp\/v2\/media?parent=6830"}],"curies":[{"name":"wp","href":"https:\/\/api.w.org\/{rel}","templated":true}]}}