{"id":6828,"date":"2025-07-01T10:14:33","date_gmt":"2025-07-01T09:14:33","guid":{"rendered":"http:\/\/infokotg.beget.tech\/sell\/"},"modified":"2026-02-10T18:47:06","modified_gmt":"2026-02-10T17:47:06","slug":"sell","status":"publish","type":"page","link":"https:\/\/tenerifecasa.com\/es\/sell\/","title":{"rendered":"Vender"},"content":{"rendered":"\n<p>\u00bfEst\u00e1 pensando en vender su propiedad en Tenerife?<br>Le ofrecemos un servicio integral \u2014 desde la valoraci\u00f3n profesional inicial hasta la formalizaci\u00f3n final de la operaci\u00f3n. Nuestra agencia inmobiliaria siempre trabaja orientada a resultados: de forma r\u00e1pida, transparente y con el m\u00e1ximo cuidado de su comodidad.<\/p>\n\n\n\n<figure class=\"wp-block-image size-large\"><img fetchpriority=\"high\" decoding=\"async\" width=\"1024\" height=\"683\" src=\"\/wp-content\/uploads\/2025\/07\/sell-1-1024x683.jpg\" alt=\"\" class=\"wp-image-5902\" srcset=\"https:\/\/tenerifecasa.com\/wp-content\/uploads\/2025\/07\/sell-1-1024x683.jpg 1024w, https:\/\/tenerifecasa.com\/wp-content\/uploads\/2025\/07\/sell-1-300x200.jpg 300w, https:\/\/tenerifecasa.com\/wp-content\/uploads\/2025\/07\/sell-1-768x512.jpg 768w, https:\/\/tenerifecasa.com\/wp-content\/uploads\/2025\/07\/sell-1-150x100.jpg 150w, https:\/\/tenerifecasa.com\/wp-content\/uploads\/2025\/07\/sell-1-488x326.jpg 488w, https:\/\/tenerifecasa.com\/wp-content\/uploads\/2025\/07\/sell-1.jpg 1536w\" sizes=\"(max-width: 1024px) 100vw, 1024px\" \/><\/figure>\n\n\n\n<p><br>Lo que ofrecemos para una venta r\u00e1pida y exitosa:<\/p>\n\n\n\n<ul class=\"wp-block-list\">\n<li>Valoraci\u00f3n profesional de mercado del inmueble<\/li>\n\n\n\n<li>Reportaje fotogr\u00e1fico profesional y presentaci\u00f3n en los canales m\u00e1s efectivos<\/li>\n\n\n\n<li>Promoci\u00f3n en plataformas locales e internacionales<\/li>\n\n\n\n<li>Acompa\u00f1amiento completo en todas las etapas de la operaci\u00f3n (revisi\u00f3n legal, impuestos, documentaci\u00f3n, notar\u00eda)<\/li>\n\n\n\n<li>Asistencia en la preparaci\u00f3n para la venta (NIE, certificados, certificado energ\u00e9tico)<\/li>\n\n\n\n<li>Gestor personal y comunicaci\u00f3n transparente<\/li>\n<\/ul>\n\n\n\n<p>Herramientas clave que utilizamos para una venta exitosa:<\/p>\n\n\n\n<ul class=\"wp-block-list\">\n<li>Amplio conocimiento del mercado inmobiliario local<\/li>\n\n\n\n<li>Agentes rusohablantes y apoyo jur\u00eddico<\/li>\n\n\n\n<li>Operamos oficialmente cumpliendo todas las normativas<\/li>\n\n\n\n<li>Una reputaci\u00f3n basada en la confianza<\/li>\n<\/ul>\n\n\n\n<p>\u00bfQuiere vender su propiedad? Cont\u00e1ctenos.<br>Le explicaremos por d\u00f3nde empezar y c\u00f3mo obtener el m\u00e1ximo valor de su inmueble.<\/p>\n\n\n\n<p><strong>Isla Bonita \u2014 nos recomiendan a sus amigos.<\/strong><\/p>\n","protected":false},"excerpt":{"rendered":"<p>\u00bfEst\u00e1 pensando en vender su propiedad en Tenerife?Le ofrecemos un servicio integral \u2014 desde la valoraci\u00f3n profesional inicial hasta la formalizaci\u00f3n final de la operaci\u00f3n. Nuestra agencia inmobiliaria siempre trabaja orientada a resultados: de forma r\u00e1pida, transparente y con el m\u00e1ximo cuidado de su comodidad. Lo que ofrecemos para una venta r\u00e1pida y exitosa: Herramientas&#8230;<\/p>\n","protected":false},"author":1,"featured_media":0,"parent":0,"menu_order":0,"comment_status":"closed","ping_status":"closed","template":"","meta":{"footnotes":""},"class_list":["post-6828","page","type-page","status-publish","hentry"],"yoast_head":"<!-- This site is optimized with the Yoast SEO plugin v25.9 - https:\/\/yoast.com\/wordpress\/plugins\/seo\/ -->\n<title>Vender - Tenerifecasa.com<\/title>\n<meta name=\"robots\" content=\"noindex, follow, max-snippet:-1, max-image-preview:large, max-video-preview:-1\" \/>\n<meta property=\"og:locale\" content=\"es_ES\" \/>\n<meta property=\"og:type\" content=\"article\" \/>\n<meta property=\"og:title\" content=\"Vender - Tenerifecasa.com\" \/>\n<meta property=\"og:description\" content=\"\u00bfEst\u00e1 pensando en vender su propiedad en Tenerife?Le ofrecemos un servicio integral \u2014 desde la valoraci\u00f3n profesional inicial hasta la formalizaci\u00f3n final de la operaci\u00f3n. Nuestra agencia inmobiliaria siempre trabaja orientada a resultados: de forma r\u00e1pida, transparente y con el m\u00e1ximo cuidado de su comodidad. Lo que ofrecemos para una venta r\u00e1pida y exitosa: Herramientas...\" \/>\n<meta property=\"og:url\" content=\"https:\/\/tenerifecasa.com\/es\/sell\/\" \/>\n<meta property=\"og:site_name\" content=\"Tenerifecasa.com\" \/>\n<meta property=\"article:modified_time\" content=\"2026-02-10T17:47:06+00:00\" \/>\n<meta name=\"twitter:card\" content=\"summary_large_image\" \/>\n<meta name=\"twitter:label1\" content=\"Tiempo de lectura\" \/>\n\t<meta name=\"twitter:data1\" content=\"2 minutos\" \/>\n<script type=\"application\/ld+json\" class=\"yoast-schema-graph\">{\"@context\":\"https:\/\/schema.org\",\"@graph\":[{\"@type\":\"WebPage\",\"@id\":\"https:\/\/tenerifecasa.com\/es\/sell\/\",\"url\":\"https:\/\/tenerifecasa.com\/es\/sell\/\",\"name\":\"Vender - Tenerifecasa.com\",\"isPartOf\":{\"@id\":\"https:\/\/tenerifecasa.com\/#website\"},\"datePublished\":\"2025-07-01T09:14:33+00:00\",\"dateModified\":\"2026-02-10T17:47:06+00:00\",\"breadcrumb\":{\"@id\":\"https:\/\/tenerifecasa.com\/es\/sell\/#breadcrumb\"},\"inLanguage\":\"es\",\"potentialAction\":[{\"@type\":\"ReadAction\",\"target\":[\"https:\/\/tenerifecasa.com\/es\/sell\/\"]}]},{\"@type\":\"BreadcrumbList\",\"@id\":\"https:\/\/tenerifecasa.com\/es\/sell\/#breadcrumb\",\"itemListElement\":[{\"@type\":\"ListItem\",\"position\":1,\"name\":\"\u0413\u043b\u0430\u0432\u043d\u0430\u044f \u0441\u0442\u0440\u0430\u043d\u0438\u0446\u0430\",\"item\":\"https:\/\/tenerifecasa.com\/es\/\"},{\"@type\":\"ListItem\",\"position\":2,\"name\":\"Vender\"}]},{\"@type\":\"WebSite\",\"@id\":\"https:\/\/tenerifecasa.com\/#website\",\"url\":\"https:\/\/tenerifecasa.com\/\",\"name\":\"Tenerifecasa.com\",\"description\":\"Isla Bonita Consulting\",\"potentialAction\":[{\"@type\":\"SearchAction\",\"target\":{\"@type\":\"EntryPoint\",\"urlTemplate\":\"https:\/\/tenerifecasa.com\/?s={search_term_string}\"},\"query-input\":{\"@type\":\"PropertyValueSpecification\",\"valueRequired\":true,\"valueName\":\"search_term_string\"}}],\"inLanguage\":\"es\"}]}<\/script>\n<!-- \/ Yoast SEO plugin. -->","yoast_head_json":{"title":"Vender - Tenerifecasa.com","robots":{"index":"noindex","follow":"follow","max-snippet":"max-snippet:-1","max-image-preview":"max-image-preview:large","max-video-preview":"max-video-preview:-1"},"og_locale":"es_ES","og_type":"article","og_title":"Vender - Tenerifecasa.com","og_description":"\u00bfEst\u00e1 pensando en vender su propiedad en Tenerife?Le ofrecemos un servicio integral \u2014 desde la valoraci\u00f3n profesional inicial hasta la formalizaci\u00f3n final de la operaci\u00f3n. Nuestra agencia inmobiliaria siempre trabaja orientada a resultados: de forma r\u00e1pida, transparente y con el m\u00e1ximo cuidado de su comodidad. Lo que ofrecemos para una venta r\u00e1pida y exitosa: Herramientas...","og_url":"https:\/\/tenerifecasa.com\/es\/sell\/","og_site_name":"Tenerifecasa.com","article_modified_time":"2026-02-10T17:47:06+00:00","twitter_card":"summary_large_image","twitter_misc":{"Tiempo de lectura":"2 minutos"},"schema":{"@context":"https:\/\/schema.org","@graph":[{"@type":"WebPage","@id":"https:\/\/tenerifecasa.com\/es\/sell\/","url":"https:\/\/tenerifecasa.com\/es\/sell\/","name":"Vender - Tenerifecasa.com","isPartOf":{"@id":"https:\/\/tenerifecasa.com\/#website"},"datePublished":"2025-07-01T09:14:33+00:00","dateModified":"2026-02-10T17:47:06+00:00","breadcrumb":{"@id":"https:\/\/tenerifecasa.com\/es\/sell\/#breadcrumb"},"inLanguage":"es","potentialAction":[{"@type":"ReadAction","target":["https:\/\/tenerifecasa.com\/es\/sell\/"]}]},{"@type":"BreadcrumbList","@id":"https:\/\/tenerifecasa.com\/es\/sell\/#breadcrumb","itemListElement":[{"@type":"ListItem","position":1,"name":"\u0413\u043b\u0430\u0432\u043d\u0430\u044f \u0441\u0442\u0440\u0430\u043d\u0438\u0446\u0430","item":"https:\/\/tenerifecasa.com\/es\/"},{"@type":"ListItem","position":2,"name":"Vender"}]},{"@type":"WebSite","@id":"https:\/\/tenerifecasa.com\/#website","url":"https:\/\/tenerifecasa.com\/","name":"Tenerifecasa.com","description":"Isla Bonita Consulting","potentialAction":[{"@type":"SearchAction","target":{"@type":"EntryPoint","urlTemplate":"https:\/\/tenerifecasa.com\/?s={search_term_string}"},"query-input":{"@type":"PropertyValueSpecification","valueRequired":true,"valueName":"search_term_string"}}],"inLanguage":"es"}]}},"_links":{"self":[{"href":"https:\/\/tenerifecasa.com\/es\/wp-json\/wp\/v2\/pages\/6828","targetHints":{"allow":["GET"]}}],"collection":[{"href":"https:\/\/tenerifecasa.com\/es\/wp-json\/wp\/v2\/pages"}],"about":[{"href":"https:\/\/tenerifecasa.com\/es\/wp-json\/wp\/v2\/types\/page"}],"author":[{"embeddable":true,"href":"https:\/\/tenerifecasa.com\/es\/wp-json\/wp\/v2\/users\/1"}],"replies":[{"embeddable":true,"href":"https:\/\/tenerifecasa.com\/es\/wp-json\/wp\/v2\/comments?post=6828"}],"version-history":[{"count":3,"href":"https:\/\/tenerifecasa.com\/es\/wp-json\/wp\/v2\/pages\/6828\/revisions"}],"predecessor-version":[{"id":11210,"href":"https:\/\/tenerifecasa.com\/es\/wp-json\/wp\/v2\/pages\/6828\/revisions\/11210"}],"wp:attachment":[{"href":"https:\/\/tenerifecasa.com\/es\/wp-json\/wp\/v2\/media?parent=6828"}],"curies":[{"name":"wp","href":"https:\/\/api.w.org\/{rel}","templated":true}]}}