{"id":6831,"date":"2025-07-01T10:20:29","date_gmt":"2025-07-01T09:20:29","guid":{"rendered":"http:\/\/infokotg.beget.tech\/services\/"},"modified":"2026-02-10T18:55:17","modified_gmt":"2026-02-10T17:55:17","slug":"services","status":"publish","type":"page","link":"https:\/\/tenerifecasa.com\/es\/services\/","title":{"rendered":"Servicios"},"content":{"rendered":"\n<p>\u201cIsla Bonita Consulting\u201d SL ofrece un servicio integral para la compra, venta y alquiler de inmuebles en el sur de Tenerife.<\/p>\n\n\n\n<div class=\"wp-block-group alignwide is-nowrap is-layout-flex wp-container-core-group-is-layout-ad2f72ca wp-block-group-is-layout-flex\">\n<figure data-wp-context=\"{&quot;imageId&quot;:&quot;69e19a0b08878&quot;}\" data-wp-interactive=\"core\/image\" data-wp-key=\"69e19a0b08878\" class=\"wp-block-image size-large wp-lightbox-container\"><img fetchpriority=\"high\" decoding=\"async\" width=\"683\" height=\"1024\" data-wp-class--hide=\"state.isContentHidden\" data-wp-class--show=\"state.isContentVisible\" data-wp-init=\"callbacks.setButtonStyles\" data-wp-on--click=\"actions.showLightbox\" data-wp-on--load=\"callbacks.setButtonStyles\" data-wp-on-window--resize=\"callbacks.setButtonStyles\" src=\"\/wp-content\/uploads\/2025\/07\/services1-683x1024.jpg\" alt=\"\" class=\"wp-image-5908\" srcset=\"https:\/\/tenerifecasa.com\/wp-content\/uploads\/2025\/07\/services1-683x1024.jpg 683w, https:\/\/tenerifecasa.com\/wp-content\/uploads\/2025\/07\/services1-200x300.jpg 200w, https:\/\/tenerifecasa.com\/wp-content\/uploads\/2025\/07\/services1-768x1152.jpg 768w, https:\/\/tenerifecasa.com\/wp-content\/uploads\/2025\/07\/services1-100x150.jpg 100w, https:\/\/tenerifecasa.com\/wp-content\/uploads\/2025\/07\/services1.jpg 1024w\" sizes=\"(max-width: 683px) 100vw, 683px\" \/><button\n\t\t\tclass=\"lightbox-trigger\"\n\t\t\ttype=\"button\"\n\t\t\taria-haspopup=\"dialog\"\n\t\t\taria-label=\"Agrandar\"\n\t\t\tdata-wp-init=\"callbacks.initTriggerButton\"\n\t\t\tdata-wp-on--click=\"actions.showLightbox\"\n\t\t\tdata-wp-style--right=\"state.imageButtonRight\"\n\t\t\tdata-wp-style--top=\"state.imageButtonTop\"\n\t\t>\n\t\t\t<svg xmlns=\"http:\/\/www.w3.org\/2000\/svg\" width=\"12\" height=\"12\" fill=\"none\" viewBox=\"0 0 12 12\">\n\t\t\t\t<path fill=\"#fff\" d=\"M2 0a2 2 0 0 0-2 2v2h1.5V2a.5.5 0 0 1 .5-.5h2V0H2Zm2 10.5H2a.5.5 0 0 1-.5-.5V8H0v2a2 2 0 0 0 2 2h2v-1.5ZM8 12v-1.5h2a.5.5 0 0 0 .5-.5V8H12v2a2 2 0 0 1-2 2H8Zm2-12a2 2 0 0 1 2 2v2h-1.5V2a.5.5 0 0 0-.5-.5H8V0h2Z\" \/>\n\t\t\t<\/svg>\n\t\t<\/button><\/figure>\n\n\n\n<figure data-wp-context=\"{&quot;imageId&quot;:&quot;69e19a0b0948f&quot;}\" data-wp-interactive=\"core\/image\" data-wp-key=\"69e19a0b0948f\" class=\"wp-block-image size-large wp-lightbox-container\"><img decoding=\"async\" width=\"683\" height=\"1024\" data-wp-class--hide=\"state.isContentHidden\" data-wp-class--show=\"state.isContentVisible\" data-wp-init=\"callbacks.setButtonStyles\" data-wp-on--click=\"actions.showLightbox\" data-wp-on--load=\"callbacks.setButtonStyles\" data-wp-on-window--resize=\"callbacks.setButtonStyles\" src=\"\/wp-content\/uploads\/2025\/07\/services2-683x1024.jpg\" alt=\"\" class=\"wp-image-5913\" srcset=\"https:\/\/tenerifecasa.com\/wp-content\/uploads\/2025\/07\/services2-683x1024.jpg 683w, https:\/\/tenerifecasa.com\/wp-content\/uploads\/2025\/07\/services2-200x300.jpg 200w, https:\/\/tenerifecasa.com\/wp-content\/uploads\/2025\/07\/services2-768x1152.jpg 768w, https:\/\/tenerifecasa.com\/wp-content\/uploads\/2025\/07\/services2-100x150.jpg 100w, https:\/\/tenerifecasa.com\/wp-content\/uploads\/2025\/07\/services2.jpg 1024w\" sizes=\"(max-width: 683px) 100vw, 683px\" \/><button\n\t\t\tclass=\"lightbox-trigger\"\n\t\t\ttype=\"button\"\n\t\t\taria-haspopup=\"dialog\"\n\t\t\taria-label=\"Agrandar\"\n\t\t\tdata-wp-init=\"callbacks.initTriggerButton\"\n\t\t\tdata-wp-on--click=\"actions.showLightbox\"\n\t\t\tdata-wp-style--right=\"state.imageButtonRight\"\n\t\t\tdata-wp-style--top=\"state.imageButtonTop\"\n\t\t>\n\t\t\t<svg xmlns=\"http:\/\/www.w3.org\/2000\/svg\" width=\"12\" height=\"12\" fill=\"none\" viewBox=\"0 0 12 12\">\n\t\t\t\t<path fill=\"#fff\" d=\"M2 0a2 2 0 0 0-2 2v2h1.5V2a.5.5 0 0 1 .5-.5h2V0H2Zm2 10.5H2a.5.5 0 0 1-.5-.5V8H0v2a2 2 0 0 0 2 2h2v-1.5ZM8 12v-1.5h2a.5.5 0 0 0 .5-.5V8H12v2a2 2 0 0 1-2 2H8Zm2-12a2 2 0 0 1 2 2v2h-1.5V2a.5.5 0 0 0-.5-.5H8V0h2Z\" \/>\n\t\t\t<\/svg>\n\t\t<\/button><\/figure>\n\n\n\n<figure data-wp-context=\"{&quot;imageId&quot;:&quot;69e19a0b0998a&quot;}\" data-wp-interactive=\"core\/image\" data-wp-key=\"69e19a0b0998a\" class=\"wp-block-image size-large wp-lightbox-container\"><img decoding=\"async\" width=\"683\" height=\"1024\" data-wp-class--hide=\"state.isContentHidden\" data-wp-class--show=\"state.isContentVisible\" data-wp-init=\"callbacks.setButtonStyles\" data-wp-on--click=\"actions.showLightbox\" data-wp-on--load=\"callbacks.setButtonStyles\" data-wp-on-window--resize=\"callbacks.setButtonStyles\" src=\"\/wp-content\/uploads\/2025\/07\/services3-683x1024.jpg\" alt=\"\" class=\"wp-image-5917\" srcset=\"https:\/\/tenerifecasa.com\/wp-content\/uploads\/2025\/07\/services3-683x1024.jpg 683w, https:\/\/tenerifecasa.com\/wp-content\/uploads\/2025\/07\/services3-200x300.jpg 200w, https:\/\/tenerifecasa.com\/wp-content\/uploads\/2025\/07\/services3-768x1152.jpg 768w, https:\/\/tenerifecasa.com\/wp-content\/uploads\/2025\/07\/services3-100x150.jpg 100w, https:\/\/tenerifecasa.com\/wp-content\/uploads\/2025\/07\/services3.jpg 1024w\" sizes=\"(max-width: 683px) 100vw, 683px\" \/><button\n\t\t\tclass=\"lightbox-trigger\"\n\t\t\ttype=\"button\"\n\t\t\taria-haspopup=\"dialog\"\n\t\t\taria-label=\"Agrandar\"\n\t\t\tdata-wp-init=\"callbacks.initTriggerButton\"\n\t\t\tdata-wp-on--click=\"actions.showLightbox\"\n\t\t\tdata-wp-style--right=\"state.imageButtonRight\"\n\t\t\tdata-wp-style--top=\"state.imageButtonTop\"\n\t\t>\n\t\t\t<svg xmlns=\"http:\/\/www.w3.org\/2000\/svg\" width=\"12\" height=\"12\" fill=\"none\" viewBox=\"0 0 12 12\">\n\t\t\t\t<path fill=\"#fff\" d=\"M2 0a2 2 0 0 0-2 2v2h1.5V2a.5.5 0 0 1 .5-.5h2V0H2Zm2 10.5H2a.5.5 0 0 1-.5-.5V8H0v2a2 2 0 0 0 2 2h2v-1.5ZM8 12v-1.5h2a.5.5 0 0 0 .5-.5V8H12v2a2 2 0 0 1-2 2H8Zm2-12a2 2 0 0 1 2 2v2h-1.5V2a.5.5 0 0 0-.5-.5H8V0h2Z\" \/>\n\t\t\t<\/svg>\n\t\t<\/button><\/figure>\n\n\n\n<figure data-wp-context=\"{&quot;imageId&quot;:&quot;69e19a0b09f40&quot;}\" data-wp-interactive=\"core\/image\" data-wp-key=\"69e19a0b09f40\" class=\"wp-block-image size-large wp-lightbox-container\"><img loading=\"lazy\" decoding=\"async\" width=\"683\" height=\"1024\" data-wp-class--hide=\"state.isContentHidden\" data-wp-class--show=\"state.isContentVisible\" data-wp-init=\"callbacks.setButtonStyles\" data-wp-on--click=\"actions.showLightbox\" data-wp-on--load=\"callbacks.setButtonStyles\" data-wp-on-window--resize=\"callbacks.setButtonStyles\" src=\"\/wp-content\/uploads\/2025\/07\/services4-683x1024.jpg\" alt=\"\" class=\"wp-image-5921\" srcset=\"https:\/\/tenerifecasa.com\/wp-content\/uploads\/2025\/07\/services4-683x1024.jpg 683w, https:\/\/tenerifecasa.com\/wp-content\/uploads\/2025\/07\/services4-200x300.jpg 200w, https:\/\/tenerifecasa.com\/wp-content\/uploads\/2025\/07\/services4-768x1152.jpg 768w, https:\/\/tenerifecasa.com\/wp-content\/uploads\/2025\/07\/services4-100x150.jpg 100w, https:\/\/tenerifecasa.com\/wp-content\/uploads\/2025\/07\/services4.jpg 1024w\" sizes=\"(max-width: 683px) 100vw, 683px\" \/><button\n\t\t\tclass=\"lightbox-trigger\"\n\t\t\ttype=\"button\"\n\t\t\taria-haspopup=\"dialog\"\n\t\t\taria-label=\"Agrandar\"\n\t\t\tdata-wp-init=\"callbacks.initTriggerButton\"\n\t\t\tdata-wp-on--click=\"actions.showLightbox\"\n\t\t\tdata-wp-style--right=\"state.imageButtonRight\"\n\t\t\tdata-wp-style--top=\"state.imageButtonTop\"\n\t\t>\n\t\t\t<svg xmlns=\"http:\/\/www.w3.org\/2000\/svg\" width=\"12\" height=\"12\" fill=\"none\" viewBox=\"0 0 12 12\">\n\t\t\t\t<path fill=\"#fff\" d=\"M2 0a2 2 0 0 0-2 2v2h1.5V2a.5.5 0 0 1 .5-.5h2V0H2Zm2 10.5H2a.5.5 0 0 1-.5-.5V8H0v2a2 2 0 0 0 2 2h2v-1.5ZM8 12v-1.5h2a.5.5 0 0 0 .5-.5V8H12v2a2 2 0 0 1-2 2H8Zm2-12a2 2 0 0 1 2 2v2h-1.5V2a.5.5 0 0 0-.5-.5H8V0h2Z\" \/>\n\t\t\t<\/svg>\n\t\t<\/button><\/figure>\n<\/div>\n\n\n\n<ul class=\"wp-block-list\">\n<li>Selecci\u00f3n de propiedades seg\u00fan su estilo de vida, presupuesto y objetivos de uso<\/li>\n\n\n\n<li>Acompa\u00f1amiento completo de la operaci\u00f3n: desde la primera visita hasta la entrega de llaves<\/li>\n\n\n\n<li>Estructuraci\u00f3n de operaciones con pagos fuera de Espa\u00f1a<\/li>\n\n\n\n<li>Garant\u00eda de seguridad jur\u00eddica de los inmuebles; asistencia en la obtenci\u00f3n del NIE, apertura de cuentas bancarias y tramitaci\u00f3n de hipotecas<\/li>\n\n\n\n<li>Traducci\u00f3n y formalizaci\u00f3n de documentos<\/li>\n\n\n\n<li>Tramitaci\u00f3n de herencias en Espa\u00f1a<\/li>\n\n\n\n<li>Preparaci\u00f3n y presentaci\u00f3n de documentaci\u00f3n para la obtenci\u00f3n del permiso de residencia en Espa\u00f1a (asesoramiento detallado y seguimiento durante todo el proceso)<\/li>\n\n\n\n<li>Registro de empresas y venta de sociedades ya existentes<\/li>\n\n\n\n<li>Alquiler de inmuebles residenciales, tur\u00edsticos y comerciales<\/li>\n\n\n\n<li>Proyectos de inversi\u00f3n con alta rentabilidad<\/li>\n\n\n\n<li>Inmuebles bancarios<\/li>\n\n\n\n<li>Gesti\u00f3n y administraci\u00f3n de propiedades, auditor\u00eda y contabilidad de activos inmobiliarios de inversores<\/li>\n\n\n\n<li>Control de obras en construcci\u00f3n y seguimiento de reformas (contrataci\u00f3n de empresas constructoras y proveedores)<\/li>\n<\/ul>\n\n\n\n<p><\/p>\n","protected":false},"excerpt":{"rendered":"<p>\u201cIsla Bonita Consulting\u201d SL ofrece un servicio integral para la compra, venta y alquiler de inmuebles en el sur de Tenerife.<\/p>\n","protected":false},"author":1,"featured_media":0,"parent":0,"menu_order":0,"comment_status":"closed","ping_status":"closed","template":"","meta":{"footnotes":""},"class_list":["post-6831","page","type-page","status-publish","hentry"],"yoast_head":"<!-- This site is optimized with the Yoast SEO plugin v25.9 - https:\/\/yoast.com\/wordpress\/plugins\/seo\/ -->\n<title>Servicios - Tenerifecasa.com<\/title>\n<meta name=\"robots\" content=\"noindex, follow, max-snippet:-1, max-image-preview:large, max-video-preview:-1\" \/>\n<meta property=\"og:locale\" content=\"es_ES\" \/>\n<meta property=\"og:type\" content=\"article\" \/>\n<meta property=\"og:title\" content=\"Servicios - Tenerifecasa.com\" \/>\n<meta property=\"og:description\" content=\"\u201cIsla Bonita Consulting\u201d SL ofrece un servicio integral para la compra, venta y alquiler de inmuebles en el sur de Tenerife.\" \/>\n<meta property=\"og:url\" content=\"https:\/\/tenerifecasa.com\/es\/services\/\" \/>\n<meta property=\"og:site_name\" content=\"Tenerifecasa.com\" \/>\n<meta property=\"article:modified_time\" content=\"2026-02-10T17:55:17+00:00\" \/>\n<meta name=\"twitter:card\" content=\"summary_large_image\" \/>\n<meta name=\"twitter:label1\" content=\"Tiempo de lectura\" \/>\n\t<meta name=\"twitter:data1\" content=\"2 minutos\" \/>\n<script type=\"application\/ld+json\" class=\"yoast-schema-graph\">{\"@context\":\"https:\/\/schema.org\",\"@graph\":[{\"@type\":\"WebPage\",\"@id\":\"https:\/\/tenerifecasa.com\/es\/services\/\",\"url\":\"https:\/\/tenerifecasa.com\/es\/services\/\",\"name\":\"Servicios - Tenerifecasa.com\",\"isPartOf\":{\"@id\":\"https:\/\/tenerifecasa.com\/#website\"},\"datePublished\":\"2025-07-01T09:20:29+00:00\",\"dateModified\":\"2026-02-10T17:55:17+00:00\",\"breadcrumb\":{\"@id\":\"https:\/\/tenerifecasa.com\/es\/services\/#breadcrumb\"},\"inLanguage\":\"es\",\"potentialAction\":[{\"@type\":\"ReadAction\",\"target\":[\"https:\/\/tenerifecasa.com\/es\/services\/\"]}]},{\"@type\":\"BreadcrumbList\",\"@id\":\"https:\/\/tenerifecasa.com\/es\/services\/#breadcrumb\",\"itemListElement\":[{\"@type\":\"ListItem\",\"position\":1,\"name\":\"\u0413\u043b\u0430\u0432\u043d\u0430\u044f \u0441\u0442\u0440\u0430\u043d\u0438\u0446\u0430\",\"item\":\"https:\/\/tenerifecasa.com\/es\/\"},{\"@type\":\"ListItem\",\"position\":2,\"name\":\"Servicios\"}]},{\"@type\":\"WebSite\",\"@id\":\"https:\/\/tenerifecasa.com\/#website\",\"url\":\"https:\/\/tenerifecasa.com\/\",\"name\":\"Tenerifecasa.com\",\"description\":\"Isla Bonita Consulting\",\"potentialAction\":[{\"@type\":\"SearchAction\",\"target\":{\"@type\":\"EntryPoint\",\"urlTemplate\":\"https:\/\/tenerifecasa.com\/?s={search_term_string}\"},\"query-input\":{\"@type\":\"PropertyValueSpecification\",\"valueRequired\":true,\"valueName\":\"search_term_string\"}}],\"inLanguage\":\"es\"}]}<\/script>\n<!-- \/ Yoast SEO plugin. -->","yoast_head_json":{"title":"Servicios - Tenerifecasa.com","robots":{"index":"noindex","follow":"follow","max-snippet":"max-snippet:-1","max-image-preview":"max-image-preview:large","max-video-preview":"max-video-preview:-1"},"og_locale":"es_ES","og_type":"article","og_title":"Servicios - Tenerifecasa.com","og_description":"\u201cIsla Bonita Consulting\u201d SL ofrece un servicio integral para la compra, venta y alquiler de inmuebles en el sur de Tenerife.","og_url":"https:\/\/tenerifecasa.com\/es\/services\/","og_site_name":"Tenerifecasa.com","article_modified_time":"2026-02-10T17:55:17+00:00","twitter_card":"summary_large_image","twitter_misc":{"Tiempo de lectura":"2 minutos"},"schema":{"@context":"https:\/\/schema.org","@graph":[{"@type":"WebPage","@id":"https:\/\/tenerifecasa.com\/es\/services\/","url":"https:\/\/tenerifecasa.com\/es\/services\/","name":"Servicios - Tenerifecasa.com","isPartOf":{"@id":"https:\/\/tenerifecasa.com\/#website"},"datePublished":"2025-07-01T09:20:29+00:00","dateModified":"2026-02-10T17:55:17+00:00","breadcrumb":{"@id":"https:\/\/tenerifecasa.com\/es\/services\/#breadcrumb"},"inLanguage":"es","potentialAction":[{"@type":"ReadAction","target":["https:\/\/tenerifecasa.com\/es\/services\/"]}]},{"@type":"BreadcrumbList","@id":"https:\/\/tenerifecasa.com\/es\/services\/#breadcrumb","itemListElement":[{"@type":"ListItem","position":1,"name":"\u0413\u043b\u0430\u0432\u043d\u0430\u044f \u0441\u0442\u0440\u0430\u043d\u0438\u0446\u0430","item":"https:\/\/tenerifecasa.com\/es\/"},{"@type":"ListItem","position":2,"name":"Servicios"}]},{"@type":"WebSite","@id":"https:\/\/tenerifecasa.com\/#website","url":"https:\/\/tenerifecasa.com\/","name":"Tenerifecasa.com","description":"Isla Bonita Consulting","potentialAction":[{"@type":"SearchAction","target":{"@type":"EntryPoint","urlTemplate":"https:\/\/tenerifecasa.com\/?s={search_term_string}"},"query-input":{"@type":"PropertyValueSpecification","valueRequired":true,"valueName":"search_term_string"}}],"inLanguage":"es"}]}},"_links":{"self":[{"href":"https:\/\/tenerifecasa.com\/es\/wp-json\/wp\/v2\/pages\/6831","targetHints":{"allow":["GET"]}}],"collection":[{"href":"https:\/\/tenerifecasa.com\/es\/wp-json\/wp\/v2\/pages"}],"about":[{"href":"https:\/\/tenerifecasa.com\/es\/wp-json\/wp\/v2\/types\/page"}],"author":[{"embeddable":true,"href":"https:\/\/tenerifecasa.com\/es\/wp-json\/wp\/v2\/users\/1"}],"replies":[{"embeddable":true,"href":"https:\/\/tenerifecasa.com\/es\/wp-json\/wp\/v2\/comments?post=6831"}],"version-history":[{"count":3,"href":"https:\/\/tenerifecasa.com\/es\/wp-json\/wp\/v2\/pages\/6831\/revisions"}],"predecessor-version":[{"id":11218,"href":"https:\/\/tenerifecasa.com\/es\/wp-json\/wp\/v2\/pages\/6831\/revisions\/11218"}],"wp:attachment":[{"href":"https:\/\/tenerifecasa.com\/es\/wp-json\/wp\/v2\/media?parent=6831"}],"curies":[{"name":"wp","href":"https:\/\/api.w.org\/{rel}","templated":true}]}}